{"id":2512,"date":"2025-09-30T10:01:51","date_gmt":"2025-09-30T03:01:51","guid":{"rendered":"https:\/\/blog.coolmate.me\/?page_id=2512"},"modified":"2025-09-30T10:06:37","modified_gmt":"2025-09-30T03:06:37","slug":"quy-trinh-san-xuat-noi-dung","status":"publish","type":"page","link":"https:\/\/www.coolmate.me\/blog\/quy-trinh-san-xuat-noi-dung","title":{"rendered":"Quy Tr\u00ecnh S\u1ea3n Xu\u1ea5t N\u1ed9i Dung T\u1ea1i Coolmate"},"content":{"rendered":"<h1>Quy Tr\u00ecnh S\u1ea3n Xu\u1ea5t N\u1ed9i Dung T\u1ea1i Coolmate<\/h1>\n<p class=\"ng-star-inserted\"><strong><em><span class=\"ng-star-inserted\">Cam K\u1ebft V\u1ec1 T\u00ednh Minh B\u1ea1ch, Ch\u1ea5t L\u01b0\u1ee3ng v\u00e0 S\u1ef1 Tin C\u1eady<\/span><\/em><\/strong><\/p>\n<p class=\"ng-star-inserted\"><span class=\"ng-star-inserted\">T\u1ea1i Coolmate, ch\u00fang t\u00f4i tin r\u1eb1ng vi\u1ec7c x\u00e2y d\u1ef1ng l\u00f2ng tin v\u1edbi kh\u00e1ch h\u00e0ng kh\u00f4ng ch\u1ec9 \u0111\u1ebfn t\u1eeb ch\u1ea5t l\u01b0\u1ee3ng s\u1ea3n ph\u1ea9m m\u00e0 c\u00f2n xu\u1ea5t ph\u00e1t t\u1eeb s\u1ef1 minh b\u1ea1ch v\u00e0 gi\u00e1 tr\u1ecb c\u1ee7a nh\u1eefng th\u00f4ng tin ch\u00fang t\u00f4i chia s\u1ebb. <\/span><span class=\"ng-star-inserted\">M\u1ed7i n\u1ed9i dung \u0111\u01b0\u1ee3c xu\u1ea5t b\u1ea3n tr\u00ean website, blog hay c\u00e1c k\u00eanh truy\u1ec1n th\u00f4ng kh\u00e1c \u0111\u1ec1u l\u00e0 k\u1ebft qu\u1ea3 c\u1ee7a m\u1ed9t quy tr\u00ecnh s\u1ea3n xu\u1ea5t nghi\u00eam ng\u1eb7t, chuy\u00ean nghi\u1ec7p, v\u1edbi m\u1ee5c ti\u00eau cao nh\u1ea5t l\u00e0 mang \u0111\u1ebfn cho b\u1ea1n \u0111\u1ecdc nh\u1eefng th\u00f4ng tin h\u1eefu \u00edch, \u0111\u00e1ng tin c\u1eady v\u00e0 d\u1ec5 ti\u1ebfp c\u1eadn.<\/span><\/p>\n<p class=\"ng-star-inserted\"><span class=\"ng-star-inserted\">Ch\u00fang t\u00f4i mong mu\u1ed1n kh\u00e1ch h\u00e0ng hi\u1ec3u r\u00f5 c\u00e1ch Coolmate tri\u1ec3n khai v\u00e0 s\u00e1ng t\u1ea1o n\u1ed9i dung, t\u1eeb \u0111\u00f3 c\u1ea3m nh\u1eadn \u0111\u01b0\u1ee3c s\u1ef1 \u0111\u1ea7u t\u01b0 v\u00e0 t\u00e2m huy\u1ebft trong t\u1eebng b\u00e0i vi\u1ebft. D\u01b0\u1edbi \u0111\u00e2y l\u00e0 quy tr\u00ecnh s\u1ea3n xu\u1ea5t n\u1ed9i dung chi ti\u1ebft c\u1ee7a ch\u00fang t\u00f4i:<\/span><\/p>\n<h2 class=\"ng-star-inserted\"><strong class=\"ng-star-inserted\"><span class=\"ng-star-inserted\">B\u01b0\u1edbc 1: T\u00ecm Ki\u1ebfm v\u00e0 Nghi\u00ean C\u1ee9u \u0110\u1ec1 T\u00e0i<\/span><\/strong><\/h2>\n<p class=\"ng-star-inserted\"><span class=\"ng-star-inserted\">M\u1ecdi n\u1ed9i dung ch\u1ea5t l\u01b0\u1ee3ng \u0111\u1ec1u b\u1eaft \u0111\u1ea7u t\u1eeb vi\u1ec7c th\u1ea5u hi\u1ec3u s\u00e2u s\u1eafc nhu c\u1ea7u c\u1ee7a \u0111\u1ed9c gi\u1ea3.<\/span><span class=\"ng-star-inserted\">\u00a0\u1ede giai \u0111o\u1ea1n n\u00e0y, \u0111\u1ed9i ng\u0169 content c\u1ee7a Coolmate t\u1eadp trung v\u00e0o vi\u1ec7c:<\/span><\/p>\n<ul class=\"ng-star-inserted\">\n<li class=\"ng-star-inserted\">\n<p class=\"ng-star-inserted\"><strong class=\"ng-star-inserted\"><span class=\"ng-star-inserted\">X\u00e1c \u0111\u1ecbnh m\u1ee5c ti\u00eau c\u1ee7a b\u00e0i vi\u1ebft:<\/span><\/strong><span class=\"ng-star-inserted\"> M\u1ed7i b\u00e0i vi\u1ebft \u0111\u1ec1u c\u00f3 m\u1ed9t m\u1ee5c ti\u00eau r\u00f5 r\u00e0ng: cung c\u1ea5p ki\u1ebfn th\u1ee9c th\u1eddi trang, chia s\u1ebb m\u1eb9o ph\u1ed1i \u0111\u1ed3, c\u1eadp nh\u1eadt xu h\u01b0\u1edbng, hay k\u1ec3 nh\u1eefng c\u00e2u chuy\u1ec7n truy\u1ec1n c\u1ea3m h\u1ee9ng v\u1ec1 l\u1ed1i s\u1ed1ng.<\/span><\/p>\n<\/li>\n<li class=\"ng-star-inserted\">\n<p class=\"ng-star-inserted\"><strong class=\"ng-star-inserted\"><span class=\"ng-star-inserted\">X\u00e1c \u0111\u1ecbnh \u0111\u1ed1i t\u01b0\u1ee3ng \u0111\u1ed9c gi\u1ea3:<\/span><\/strong><span class=\"ng-star-inserted\"> Ch\u00fang t\u00f4i ph\u00e2n t\u00edch \u0111\u1ec3 hi\u1ec3u r\u00f5 ch\u00e2n dung \u0111\u1ed9c gi\u1ea3 m\u1ee5c ti\u00eau c\u1ee7a m\u00ecnh l\u00e0 ai, h\u1ecd quan t\u00e2m \u0111\u1ebfn \u0111i\u1ec1u g\u00ec v\u00e0 \u0111ang g\u1eb7p ph\u1ea3i v\u1ea5n \u0111\u1ec1 g\u00ec.<\/span><\/p>\n<\/li>\n<li class=\"ng-star-inserted\">\n<p class=\"ng-star-inserted\"><strong class=\"ng-star-inserted\"><span class=\"ng-star-inserted\">X\u00e1c \u0111\u1ecbnh \u00fd \u0111\u1ecbnh t\u00ecm ki\u1ebfm c\u1ee7a ng\u01b0\u1eddi \u0111\u1ecdc:<\/span><\/strong><span class=\"ng-star-inserted\"> B\u1eb1ng c\u00e1ch ph\u00e2n t\u00edch d\u1eef li\u1ec7u v\u00e0 xu h\u01b0\u1edbng, ch\u00fang t\u00f4i t\u00ecm hi\u1ec3u nh\u1eefng g\u00ec kh\u00e1ch h\u00e0ng th\u1ef1c s\u1ef1 mu\u1ed1n bi\u1ebft khi h\u1ecd t\u00ecm ki\u1ebfm m\u1ed9t ch\u1ee7 \u0111\u1ec1 c\u1ee5 th\u1ec3, t\u1eeb \u0111\u00f3 \u0111\u1ea3m b\u1ea3o n\u1ed9i dung \u0111\u00e1p \u1ee9ng \u0111\u00fang v\u00e0 \u0111\u1ee7 nhu c\u1ea7u c\u1ee7a h\u1ecd.<\/span><\/p>\n<\/li>\n<\/ul>\n<h2 class=\"ng-star-inserted\"><strong class=\"ng-star-inserted\"><span class=\"ng-star-inserted\">B\u01b0\u1edbc 2: Research v\u00e0 Ch\u1eaft L\u1ecdc Th\u00f4ng Tin T\u1eeb Ngu\u1ed3n Uy T\u00edn<\/span><\/strong><\/h2>\n<p class=\"ng-star-inserted\"><span class=\"ng-star-inserted\">S\u1ef1 ch\u00ednh x\u00e1c l\u00e0 y\u1ebfu t\u1ed1 c\u1ed1t l\u00f5i \u0111\u1ec3 x\u00e2y d\u1ef1ng ni\u1ec1m tin.<\/span><span class=\"ng-star-inserted\">\u00a0V\u00ec v\u1eady, \u0111\u1ed9i ng\u0169 Coolmate lu\u00f4n tu\u00e2n th\u1ee7 nguy\u00ean t\u1eafc:<\/span><\/p>\n<ul class=\"ng-star-inserted\">\n<li class=\"ng-star-inserted\">\n<p class=\"ng-star-inserted\"><strong class=\"ng-star-inserted\"><span class=\"ng-star-inserted\">Tham kh\u1ea3o c\u00e1c ngu\u1ed3n t\u00e0i li\u1ec7u \u0111\u00e1ng tin c\u1eady:<\/span><\/strong><span class=\"ng-star-inserted\"> Ch\u00fang t\u00f4i \u01b0u ti\u00ean t\u00ecm ki\u1ebfm th\u00f4ng tin t\u1eeb c\u00e1c website chuy\u00ean ng\u00e0nh, c\u00e1c b\u00e1o c\u00e1o nghi\u00ean c\u1ee9u, t\u1ea1p ch\u00ed th\u1eddi trang uy t\u00edn v\u00e0 c\u00e1c chuy\u00ean gia trong l\u0129nh v\u1ef1c li\u00ean quan.<\/span><\/p>\n<\/li>\n<li class=\"ng-star-inserted\">\n<p class=\"ng-star-inserted\"><strong class=\"ng-star-inserted\"><span class=\"ng-star-inserted\">Ki\u1ec3m ch\u1ee9ng th\u00f4ng tin:<\/span><\/strong><span class=\"ng-star-inserted\"> M\u1ecdi th\u00f4ng tin, s\u1ed1 li\u1ec7u tr\u01b0\u1edbc khi \u0111\u01b0a v\u00e0o b\u00e0i vi\u1ebft \u0111\u1ec1u \u0111\u01b0\u1ee3c ki\u1ec3m tra ch\u00e9o t\u1eeb nhi\u1ec1u ngu\u1ed3n kh\u00e1c nhau \u0111\u1ec3 \u0111\u1ea3m b\u1ea3o t\u00ednh x\u00e1c th\u1ef1c.<\/span><\/p>\n<\/li>\n<\/ul>\n<h2 class=\"ng-star-inserted\"><strong class=\"ng-star-inserted\"><span class=\"ng-star-inserted\">B\u01b0\u1edbc 3: X\u00e2y D\u1ef1ng D\u00e0n \u00dd Chi Ti\u1ebft (Outline)<\/span><\/strong><\/h2>\n<p class=\"ng-star-inserted\"><span class=\"ng-star-inserted\">M\u1ed9t d\u00e0n \u00fd r\u00f5 r\u00e0ng l\u00e0 x\u01b0\u01a1ng s\u1ed1ng c\u1ee7a m\u1ed9t b\u00e0i vi\u1ebft m\u1ea1ch l\u1ea1c v\u00e0 logic. Tr\u01b0\u1edbc khi vi\u1ebft, ch\u00fang t\u00f4i lu\u00f4n x\u00e2y d\u1ef1ng m\u1ed9t outline chi ti\u1ebft, bao g\u1ed3m:<\/span><\/p>\n<ul class=\"ng-star-inserted\">\n<li class=\"ng-star-inserted\">\n<p class=\"ng-star-inserted\"><span class=\"ng-star-inserted\">C\u00e1c lu\u1eadn \u0111i\u1ec3m ch\u00ednh s\u1ebd \u0111\u01b0\u1ee3c tr\u00ecnh b\u00e0y.<\/span><\/p>\n<\/li>\n<li class=\"ng-star-inserted\">\n<p class=\"ng-star-inserted\"><span class=\"ng-star-inserted\">Th\u1ee9 t\u1ef1 s\u1eafp x\u1ebfp c\u00e1c \u00fd \u0111\u1ec3 d\u1eabn d\u1eaft ng\u01b0\u1eddi \u0111\u1ecdc m\u1ed9t c\u00e1ch t\u1ef1 nhi\u00ean.<\/span><\/p>\n<\/li>\n<li class=\"ng-star-inserted\">\n<p class=\"ng-star-inserted\"><span class=\"ng-star-inserted\">C\u00e1c d\u1eef li\u1ec7u, v\u00ed d\u1ee5 ho\u1eb7c h\u00ecnh \u1ea3nh minh h\u1ecda s\u1ebd \u0111\u01b0\u1ee3c s\u1eed d\u1ee5ng cho t\u1eebng ph\u1ea7n.<\/span><\/p>\n<\/li>\n<\/ul>\n<p class=\"ng-star-inserted\"><span class=\"ng-star-inserted\">Vi\u1ec7c n\u00e0y gi\u00fap \u0111\u1ea3m b\u1ea3o n\u1ed9i dung \u0111\u01b0\u1ee3c truy\u1ec1n t\u1ea3i m\u1ed9t c\u00e1ch logic, \u0111\u1ea7y \u0111\u1ee7 v\u00e0 kh\u00f4ng b\u1ecf s\u00f3t nh\u1eefng th\u00f4ng tin quan tr\u1ecdng.<\/span><\/p>\n<h2 class=\"ng-star-inserted\"><strong class=\"ng-star-inserted\"><span class=\"ng-star-inserted\">B\u01b0\u1edbc 4: Vi\u1ebft B\u00e0i v\u00e0 &#8220;Coolmate H\u00f3a&#8221; N\u1ed9i Dung (V\u1edbi S\u1ef1 H\u1ed7 Tr\u1ee3 C\u1ee7a AI)<\/span><\/strong><\/h2>\n<p class=\"ng-star-inserted\"><span class=\"ng-star-inserted\">\u0110\u00e2y l\u00e0 giai \u0111o\u1ea1n chuy\u1ec3n h\u00f3a nh\u1eefng th\u00f4ng tin kh\u00f4 khan th\u00e0nh m\u1ed9t b\u00e0i vi\u1ebft h\u1ea5p d\u1eabn v\u00e0 mang \u0111\u1eadm d\u1ea5u \u1ea5n c\u1ee7a Coolmate.<\/span><\/p>\n<ul class=\"ng-star-inserted\">\n<li class=\"ng-star-inserted\">\n<p class=\"ng-star-inserted\"><strong class=\"ng-star-inserted\"><span class=\"ng-star-inserted\">S\u00e1ng t\u1ea1o n\u1ed9i dung g\u1ed1c:<\/span><\/strong><span class=\"ng-star-inserted\"> \u0110\u1ed9i ng\u0169 content creator b\u1eaft \u0111\u1ea7u vi\u1ebft b\u00e0i d\u1ef1a tr\u00ean outline \u0111\u00e3 \u0111\u01b0\u1ee3c duy\u1ec7t.<\/span><\/p>\n<\/li>\n<li class=\"ng-star-inserted\">\n<p class=\"ng-star-inserted\"><strong class=\"ng-star-inserted\"><span class=\"ng-star-inserted\">&#8220;L\u00faa h\u00f3a&#8221; n\u1ed9i dung:<\/span><\/strong><span class=\"ng-star-inserted\"> Ch\u00fang t\u00f4i s\u1eed d\u1ee5ng ng\u00f4n ng\u1eef g\u1ea7n g\u0169i, \u0111\u01a1n gi\u1ea3n v\u00e0 t\u00edch c\u1ef1c, \u0111\u00fang v\u1edbi tinh th\u1ea7n &#8220;Cool&#8221; v\u00e0 &#8220;Mate&#8221; (th\u00e2n thi\u1ec7n, \u0111\u1ed3ng h\u00e0nh) c\u1ee7a th\u01b0\u01a1ng hi\u1ec7u.<\/span><span class=\"ng-star-inserted\">\u00a0M\u1ee5c ti\u00eau l\u00e0 \u0111\u1ec3 m\u1ecdi \u0111\u1ed9c gi\u1ea3, d\u00f9 kh\u00f4ng ph\u1ea3i chuy\u00ean gia, c\u0169ng c\u00f3 th\u1ec3 d\u1ec5 d\u00e0ng \u0111\u1ecdc v\u00e0 hi\u1ec3u \u0111\u01b0\u1ee3c.<\/span><\/p>\n<\/li>\n<li class=\"ng-star-inserted\">\n<p class=\"ng-star-inserted\"><strong class=\"ng-star-inserted\"><span class=\"ng-star-inserted\">\u1ee8ng d\u1ee5ng AI m\u1ed9t c\u00e1ch th\u00f4ng minh:<\/span><\/strong><span class=\"ng-star-inserted\"> C\u00f4ng ngh\u1ec7 AI \u0111\u01b0\u1ee3c s\u1eed d\u1ee5ng nh\u01b0 m\u1ed9t c\u00f4ng c\u1ee5 h\u1ed7 tr\u1ee3 \u0111\u1ec3 t\u00ecm ki\u1ebfm \u00fd t\u01b0\u1edfng, t\u1ed1i \u01b0u h\u00f3a c\u1ea5u tr\u00fac c\u00e2u v\u00e0 ki\u1ec3m tra l\u1ed7i ng\u1eef ph\u00e1p c\u01a1 b\u1ea3n, gi\u00fap \u0111\u1ea9y nhanh qu\u00e1 tr\u00ecnh s\u00e1ng t\u1ea1o nh\u01b0ng v\u1eabn \u0111\u1ea3m b\u1ea3o vai tr\u00f2 ch\u1ee7 \u0111\u1ea1o c\u1ee7a con ng\u01b0\u1eddi trong vi\u1ec7c \u0111\u1ecbnh h\u00ecnh n\u1ed9i dung v\u00e0 v\u0103n phong.<\/span><\/p>\n<\/li>\n<\/ul>\n<h2 class=\"ng-star-inserted\"><strong class=\"ng-star-inserted\"><span class=\"ng-star-inserted\">B\u01b0\u1edbc 5: Duy\u1ec7t v\u00e0 \u0111i\u1ec1u ch\u1ec9nh<\/span><\/strong><\/h2>\n<p class=\"ng-star-inserted\"><span class=\"ng-star-inserted\">\u0110\u1ec3 \u0111\u1ea3m b\u1ea3o ch\u1ea5t l\u01b0\u1ee3ng cao nh\u1ea5t, m\u1ecdi b\u00e0i vi\u1ebft tr\u01b0\u1edbc khi xu\u1ea5t b\u1ea3n \u0111\u1ec1u ph\u1ea3i tr\u1ea3i qua \u00edt nh\u1ea5t hai l\u1edbp duy\u1ec7t:<\/span><\/p>\n<ul class=\"ng-star-inserted\">\n<li class=\"ng-star-inserted\">\n<p class=\"ng-star-inserted\"><strong class=\"ng-star-inserted\"><span class=\"ng-star-inserted\">Lead Content duy\u1ec7t:<\/span><\/strong><span class=\"ng-star-inserted\"> Tr\u01b0\u1edfng nh\u00f3m n\u1ed9i dung s\u1ebd ki\u1ec3m tra l\u1ea1i to\u00e0n b\u1ed9 b\u00e0i vi\u1ebft v\u1ec1 m\u1eb7t th\u00f4ng tin, \u0111\u1ed9 ch\u00ednh x\u00e1c, s\u1ef1 logic v\u00e0 v\u0103n phong \u0111\u00e3 ph\u00f9 h\u1ee3p v\u1edbi ti\u00eau chu\u1ea9n c\u1ee7a Coolmate hay ch\u01b0a.<\/span><\/p>\n<\/li>\n<li class=\"ng-star-inserted\">\n<p class=\"ng-star-inserted\"><strong class=\"ng-star-inserted\"><span class=\"ng-star-inserted\">Bi\u00ean t\u1eadp vi\u00ean \u0111i\u1ec1u ch\u1ec9nh:<\/span><\/strong><span class=\"ng-star-inserted\"> M\u1ed9t bi\u00ean t\u1eadp vi\u00ean chuy\u00ean nghi\u1ec7p s\u1ebd \u0111\u1ecdc l\u1ea1i l\u1ea7n cu\u1ed1i \u0111\u1ec3 r\u00e0 so\u00e1t c\u00e1c l\u1ed7i ch\u00ednh t\u1ea3, ng\u1eef ph\u00e1p v\u00e0 c\u00e1ch di\u1ec5n \u0111\u1ea1t, \u0111\u1ea3m b\u1ea3o b\u00e0i vi\u1ebft ho\u00e0n h\u1ea3o nh\u1ea5t khi \u0111\u1ebfn tay b\u1ea1n \u0111\u1ecdc.<\/span><\/p>\n<\/li>\n<\/ul>\n<h2 class=\"ng-star-inserted\"><strong class=\"ng-star-inserted\"><span class=\"ng-star-inserted\">B\u01b0\u1edbc 6: Th\u1ea9m \u0110\u1ecbnh B\u1edfi Chuy\u00ean Gia (c\u00e1c b\u00e0i vi\u1ebft c\u00f3 x\u00e1c nh\u1eadn)<\/span><\/strong><\/h2>\n<p class=\"ng-star-inserted\"><span class=\"ng-star-inserted\">\u0110\u1ed1i v\u1edbi c\u00e1c ch\u1ee7 \u0111\u1ec1 chuy\u00ean s\u00e2u, \u0111\u00f2i h\u1ecfi ki\u1ebfn th\u1ee9c chuy\u00ean m\u00f4n cao (v\u00ed d\u1ee5 nh\u01b0 b\u00e0i vi\u1ebft v\u1ec1 ch\u1ea5t li\u1ec7u v\u1ea3i c\u00f4ng ngh\u1ec7 m\u1edbi, \u1ea3nh h\u01b0\u1edfng c\u1ee7a th\u1eddi trang \u0111\u1ebfn m\u00f4i tr\u01b0\u1eddng), Coolmate c\u00f3 th\u1ec3 m\u1eddi c\u00e1c chuy\u00ean gia trong ng\u00e0nh \u0111\u1ec3 th\u1ea9m \u0111\u1ecbnh l\u1ea1i n\u1ed9i dung.<\/span><span class=\"ng-star-inserted\">\u00a0B\u01b0\u1edbc n\u00e0y \u0111\u1ea3m b\u1ea3o r\u1eb1ng c\u00e1c th\u00f4ng tin ch\u00fang t\u00f4i cung c\u1ea5p kh\u00f4ng ch\u1ec9 ch\u00ednh x\u00e1c m\u00e0 c\u00f2n c\u00f3 gi\u00e1 tr\u1ecb chuy\u00ean m\u00f4n s\u00e2u s\u1eafc, kh\u1eb3ng \u0111\u1ecbnh uy t\u00edn v\u00e0 cam k\u1ebft c\u1ee7a Coolmate v\u1ec1 ch\u1ea5t l\u01b0\u1ee3ng trong t\u1eebng s\u1ea3n ph\u1ea9m v\u00e0 n\u1ed9i dung.<\/span><\/p>\n<p class=\"ng-star-inserted\"><span class=\"ng-star-inserted\">B\u1eb1ng vi\u1ec7c tu\u00e2n th\u1ee7 nghi\u00eam ng\u1eb7t quy tr\u00ecnh tr\u00ean, Coolmate t\u1ef1 h\u00e0o mang \u0111\u1ebfn nh\u1eefng n\u1ed9i dung kh\u00f4ng ch\u1ec9 \u0111\u1ec3 \u0111\u1ecdc, m\u00e0 c\u00f2n \u0111\u1ec3 tin t\u01b0\u1edfng v\u00e0 \u0111\u1ed3ng h\u00e0nh c\u00f9ng kh\u00e1ch h\u00e0ng tr\u00ean h\u00e0nh tr\u00ecnh ho\u00e0n thi\u1ec7n phong c\u00e1ch v\u00e0 cu\u1ed9c s\u1ed1ng.<\/span><\/p>\n","protected":false},"excerpt":{"rendered":"<p>Quy Tr\u00ecnh S\u1ea3n Xu\u1ea5t N\u1ed9i Dung T\u1ea1i Coolmate Cam K\u1ebft V\u1ec1 T\u00ednh Minh B\u1ea1ch, Ch\u1ea5t L\u01b0\u1ee3ng v\u00e0 S\u1ef1 Tin C\u1eady T\u1ea1i Coolmate, ch\u00fang t\u00f4i tin r\u1eb1ng vi\u1ec7c x\u00e2y d\u1ef1ng l\u00f2ng tin v\u1edbi kh\u00e1ch h\u00e0ng kh\u00f4ng ch\u1ec9 \u0111\u1ebfn t\u1eeb ch\u1ea5t l\u01b0\u1ee3ng s\u1ea3n ph\u1ea9m m\u00e0 c\u00f2n xu\u1ea5t ph\u00e1t t\u1eeb s\u1ef1 minh b\u1ea1ch v\u00e0 gi\u00e1 tr\u1ecb c\u1ee7a nh\u1eefng&#8230;<\/p>\n","protected":false},"author":1,"featured_media":0,"parent":0,"menu_order":0,"comment_status":"closed","ping_status":"closed","template":"","meta":{"_acf_changed":false,"footnotes":""},"class_list":["post-2512","page","type-page","status-publish","hentry"],"acf":[],"_links":{"self":[{"href":"https:\/\/www.coolmate.me\/blog\/wp-json\/wp\/v2\/pages\/2512","targetHints":{"allow":["GET"]}}],"collection":[{"href":"https:\/\/www.coolmate.me\/blog\/wp-json\/wp\/v2\/pages"}],"about":[{"href":"https:\/\/www.coolmate.me\/blog\/wp-json\/wp\/v2\/types\/page"}],"author":[{"embeddable":true,"href":"https:\/\/www.coolmate.me\/blog\/wp-json\/wp\/v2\/users\/1"}],"replies":[{"embeddable":true,"href":"https:\/\/www.coolmate.me\/blog\/wp-json\/wp\/v2\/comments?post=2512"}],"version-history":[{"count":10,"href":"https:\/\/www.coolmate.me\/blog\/wp-json\/wp\/v2\/pages\/2512\/revisions"}],"predecessor-version":[{"id":27661,"href":"https:\/\/www.coolmate.me\/blog\/wp-json\/wp\/v2\/pages\/2512\/revisions\/27661"}],"wp:attachment":[{"href":"https:\/\/www.coolmate.me\/blog\/wp-json\/wp\/v2\/media?parent=2512"}],"curies":[{"name":"wp","href":"https:\/\/api.w.org\/{rel}","templated":true}]}}